{"id":68,"date":"2019-09-06T23:54:02","date_gmt":"2019-09-06T23:54:02","guid":{"rendered":"https:\/\/kreda.engstudio.com.hr\/?page_id=68"},"modified":"2024-12-30T15:13:44","modified_gmt":"2024-12-30T14:13:44","slug":"okredi","status":"publish","type":"page","link":"https:\/\/kreda.engstudio.com.hr\/index.php\/okredi\/","title":{"rendered":"O nama"},"content":{"rendered":"<p><img loading=\"lazy\" decoding=\"async\" class=\"alignnone  wp-image-1098 aligncenter\" src=\"https:\/\/kreda.engstudio.com.hr\/wp-content\/uploads\/2020\/04\/kreda_owner_portrait-scaled.jpg\" alt=\"\" width=\"296\" height=\"354\" srcset=\"https:\/\/kreda.engstudio.com.hr\/wp-content\/uploads\/2020\/04\/kreda_owner_portrait-scaled.jpg 2136w, https:\/\/kreda.engstudio.com.hr\/wp-content\/uploads\/2020\/04\/kreda_owner_portrait-768x921.jpg 768w, https:\/\/kreda.engstudio.com.hr\/wp-content\/uploads\/2020\/04\/kreda_owner_portrait-1281x1536.jpg 1281w, https:\/\/kreda.engstudio.com.hr\/wp-content\/uploads\/2020\/04\/kreda_owner_portrait-1709x2048.jpg 1709w\" sizes=\"auto, (max-width: 296px) 100vw, 296px\" \/><\/p>\r\n<p>&nbsp;<\/p>\r\n<p><strong><em>KREDA- poduka engleskog jezika<\/em><\/strong> je osnovana s ciljem pobolj\u0161avanja iskustva u\u010denja engleskog jezika na na\u010din da se svakome pru\u017ei pristup profesionalnoj poduci bez\u00a0 obzira na to gdje se nalazili.\u00a0<\/p>\r\n<p>Te\u010dajevi putem interneta ve\u0107 cijelo desetlje\u0107e polako, ali sigurno, uvode poduku stranih jezika u 21.stolje\u0107e, a korisnicima pru\u017eaju mogu\u0107nost usvajanja novih znanja iz udobnosti vlastitog doma ili ureda.<\/p>\r\n<p>Osniva\u010dica <em><strong>KREDE<\/strong><\/em>, prof. Mihajla \u0106avar Portolan, diplomirala je engleski jezik na Filozofskom fakultetu u Zagrebu 2006. godine i ima dugogodi\u0161nje iskustvo u direktnoj poduci te niz odr\u017eanih radionica i stru\u010dnih usavr\u0161avanja iza sebe. Trenuta\u010dno je na doktorskomu studiju Glotodidaktike Filozofskoga fakulteta u Zagrebu.<\/p>\r\n<p>S <em><strong>KREDOM<\/strong><\/em>\u00a0tako\u0111er sura\u0111uju i drugi profesori engleskog jezika sa sveu\u010dili\u0161nom diplomom i bogatim iskustvom u nastavi, a svi\u00a0online te\u010dajevi uskla\u0111eni su sa Zajedni\u010dkim europskim referentnim okvirom za jezike (European Common Framework for Languages).<\/p>\r\n<p>&nbsp;<\/p>\r\n\r\n<p>KONTAKT:<\/p>\r\n<p>info@kreda.com.hr<\/p>\r\n<p>tel: 099\/ 658 2046<\/p>\r\n<p>&nbsp;<\/p>\r\n<p>\r\n\r\n<\/p>\r\n<h2 class=\"has-text-align-center wp-block-heading\">Kontaktirajte nas:<\/h2>\r\n<p>\r\n\r\n<\/p>\n\n<div class=\"wpcf7 no-js\" id=\"wpcf7-f79-o1\" lang=\"en-US\" dir=\"ltr\" data-wpcf7-id=\"79\">\n<div class=\"screen-reader-response\"><p role=\"status\" aria-live=\"polite\" aria-atomic=\"true\"><\/p> <ul><\/ul><\/div>\n<form action=\"\/index.php\/wp-json\/wp\/v2\/pages\/68#wpcf7-f79-o1\" method=\"post\" class=\"wpcf7-form init\" aria-label=\"Contact form\" novalidate=\"novalidate\" data-status=\"init\">\n<fieldset class=\"hidden-fields-container\"><input type=\"hidden\" name=\"_wpcf7\" value=\"79\" \/><input type=\"hidden\" name=\"_wpcf7_version\" value=\"6.1.5\" \/><input type=\"hidden\" name=\"_wpcf7_locale\" value=\"en_US\" \/><input type=\"hidden\" name=\"_wpcf7_unit_tag\" value=\"wpcf7-f79-o1\" \/><input type=\"hidden\" name=\"_wpcf7_container_post\" value=\"0\" \/><input type=\"hidden\" name=\"_wpcf7_posted_data_hash\" value=\"\" \/>\n<\/fieldset>\n<p><label> Va\u0161e ime (obavezno popuniti)<br \/>\n<span class=\"wpcf7-form-control-wrap\" data-name=\"your-name\"><input size=\"40\" maxlength=\"400\" class=\"wpcf7-form-control wpcf7-text wpcf7-validates-as-required\" aria-required=\"true\" aria-invalid=\"false\" value=\"\" type=\"text\" name=\"your-name\" \/><\/span> <\/label>\n<\/p>\n<p><label> Va\u0161 email (obavezno popuniti)<br \/>\n<span class=\"wpcf7-form-control-wrap\" data-name=\"your-email\"><input size=\"40\" maxlength=\"400\" class=\"wpcf7-form-control wpcf7-email wpcf7-validates-as-required wpcf7-text wpcf7-validates-as-email\" aria-required=\"true\" aria-invalid=\"false\" value=\"\" type=\"email\" name=\"your-email\" \/><\/span> <\/label>\n<\/p>\n<p><label> Va\u0161 broj mobilnog telefona (obavezno popunti)<br \/>\n<span class=\"wpcf7-form-control-wrap\" data-name=\"tel-572\"><input size=\"40\" maxlength=\"400\" class=\"wpcf7-form-control wpcf7-tel wpcf7-validates-as-required wpcf7-text wpcf7-validates-as-tel\" aria-required=\"true\" aria-invalid=\"false\" value=\"\" type=\"tel\" name=\"tel-572\" \/><\/span> <\/label>\n<\/p>\n<p><label> Naslov<br \/>\n<span class=\"wpcf7-form-control-wrap\" data-name=\"your-subject\"><input size=\"40\" maxlength=\"400\" class=\"wpcf7-form-control wpcf7-text\" aria-invalid=\"false\" value=\"\" type=\"text\" name=\"your-subject\" \/><\/span> <\/label>\n<\/p>\n<p><label> Va\u0161a poruka<br \/>\n<span class=\"wpcf7-form-control-wrap\" data-name=\"your-message\"><textarea cols=\"40\" rows=\"10\" maxlength=\"2000\" class=\"wpcf7-form-control wpcf7-textarea\" aria-invalid=\"false\" name=\"your-message\"><\/textarea><\/span> <\/label>\n<\/p>\n<p><input class=\"wpcf7-form-control wpcf7-submit has-spinner\" type=\"submit\" value=\"Po\u0161alji\" \/>\n<\/p><div class=\"wpcf7-response-output\" aria-hidden=\"true\"><\/div>\n<\/form>\n<\/div>\n\n<p>\n\r\n\r\n<\/p>\r\n<p class=\"is-layout-flex wp-container-core-columns-is-layout-9d6595d7 wp-block-columns-is-layout-flex\">&nbsp;<\/p>\r\n<p>&nbsp;<\/p>\r\n<div class=\"wp-block-columns has-2-columns\">\r\n<div class=\"wp-block-column\">\r\n<h3 style=\"text-align: center;\">POSJETITE NA\u0160 INSTAGRAM PROFIL<\/h3>\r\n\t\t<div id=\"instagram-gallery-feed-0\" class=\"instagram-gallery-feed\" data-feed=\"{&quot;id&quot;:0,&quot;account_id&quot;:&quot;8297441216962190&quot;,&quot;source&quot;:&quot;username&quot;,&quot;tag&quot;:&quot;wordpress&quot;,&quot;order_by&quot;:&quot;top_media&quot;,&quot;layout&quot;:&quot;carousel&quot;,&quot;limit&quot;:12,&quot;columns&quot;:3,&quot;spacing&quot;:10,&quot;lazy&quot;:false,&quot;responsive&quot;:{&quot;desktop&quot;:{&quot;columns&quot;:3,&quot;spacing&quot;:10},&quot;tablet&quot;:{&quot;columns&quot;:2,&quot;spacing&quot;:8},&quot;mobile&quot;:{&quot;columns&quot;:1,&quot;spacing&quot;:6},&quot;breakpoints&quot;:{&quot;tablet&quot;:768,&quot;mobile&quot;:480}},&quot;aspect_ratio&quot;:{&quot;width&quot;:1,&quot;height&quot;:1},&quot;highlight&quot;:{&quot;tag&quot;:&quot;&quot;,&quot;id&quot;:&quot;&quot;,&quot;position&quot;:&quot;1,3,5&quot;},&quot;reel&quot;:{&quot;hide&quot;:false},&quot;copyright&quot;:{&quot;hide&quot;:false,&quot;placeholder&quot;:&quot;&quot;},&quot;profile&quot;:{&quot;display&quot;:false,&quot;username&quot;:&quot;&quot;,&quot;nickname&quot;:&quot;&quot;,&quot;website&quot;:&quot;&quot;,&quot;biography&quot;:&quot;&quot;,&quot;link_text&quot;:&quot;Follow&quot;,&quot;website_text&quot;:&quot;Website&quot;,&quot;avatar&quot;:&quot;&quot;},&quot;box&quot;:{&quot;display&quot;:false,&quot;padding&quot;:1,&quot;radius&quot;:0,&quot;background&quot;:&quot;#fefefe&quot;,&quot;profile&quot;:false,&quot;desc&quot;:&quot;&quot;,&quot;text_color&quot;:&quot;#000000&quot;},&quot;mask&quot;:{&quot;display&quot;:true,&quot;background&quot;:&quot;#000000&quot;,&quot;icon_color&quot;:&quot;#ffffff&quot;,&quot;likes_count&quot;:true,&quot;comments_count&quot;:true},&quot;card&quot;:{&quot;display&quot;:false,&quot;radius&quot;:1,&quot;font_size&quot;:12,&quot;background&quot;:&quot;#ffffff&quot;,&quot;background_hover&quot;:&quot;&quot;,&quot;text_color&quot;:&quot;#000000&quot;,&quot;padding&quot;:5,&quot;likes_count&quot;:true,&quot;text_length&quot;:10,&quot;comments_count&quot;:true,&quot;text_align&quot;:&quot;left&quot;},&quot;carousel&quot;:{&quot;centered_slides&quot;:false,&quot;autoplay&quot;:false,&quot;autoplay_interval&quot;:3000,&quot;navarrows&quot;:true,&quot;navarrows_color&quot;:&quot;&quot;,&quot;pagination&quot;:true,&quot;pagination_color&quot;:&quot;&quot;},&quot;modal&quot;:{&quot;display&quot;:true,&quot;profile&quot;:true,&quot;media_description&quot;:true,&quot;likes_count&quot;:true,&quot;comments_count&quot;:true,&quot;comments_list&quot;:false,&quot;text_align&quot;:&quot;left&quot;,&quot;modal_align&quot;:&quot;right&quot;,&quot;text_length&quot;:10000,&quot;font_size&quot;:12},&quot;button&quot;:{&quot;display&quot;:true,&quot;text&quot;:&quot;View on Instagram&quot;,&quot;text_color&quot;:&quot;#ffff&quot;,&quot;background&quot;:&quot;&quot;,&quot;background_hover&quot;:&quot;&quot;},&quot;button_load&quot;:{&quot;display&quot;:false,&quot;text&quot;:&quot;Load more...&quot;,&quot;text_color&quot;:&quot;#ffff&quot;,&quot;background&quot;:&quot;&quot;,&quot;background_hover&quot;:&quot;&quot;}}\">\n\t\t<!-- <FeedContainer\/> -->\n\t\t<\/div>\n\t\t\r\n<\/div>\r\n<\/div>\r\n<p>&nbsp;<\/p>\r\n<div class=\"wp-block-columns has-2-columns\">\r\n<div class=\"wp-block-column\">\r\n<p style=\"text-align: left;\">PODACI O OBRTU:<\/p>\r\n<p style=\"text-align: left;\">obrtnik: Mihajla \u0106avar Portolan<\/p>\r\n<p style=\"text-align: left;\"><span class=\"mr-2 text-bold\">MBS:<\/span>\u00a098098691<\/p>\r\n<p style=\"text-align: left;\">sjedi\u0161te: Voltino 8, 10 000 Zagreb<\/p>\r\n<\/div>\r\n<\/div>\r\n<p style=\"text-align: center;\">\r\n\r\n<\/p>\r\n<p style=\"text-align: center;\">\u00a0<\/p>\r\n<p><\/p>","protected":false},"excerpt":{"rendered":"<p>&nbsp; KREDA- poduka engleskog jezika je osnovana s ciljem pobolj\u0161avanja iskustva u\u010denja engleskog jezika na na\u010din da se svakome pru\u017ei pristup profesionalnoj poduci bez\u00a0 obzira na to gdje se nalazili.\u00a0 Te\u010dajevi putem interneta ve\u0107 cijelo desetlje\u0107e polako, ali sigurno, uvode poduku stranih jezika u 21.stolje\u0107e, a korisnicima pru\u017eaju mogu\u0107nost usvajanja novih znanja iz udobnosti vlastitog&hellip;<\/p>\n","protected":false},"author":1,"featured_media":0,"parent":0,"menu_order":0,"comment_status":"closed","ping_status":"closed","template":"","meta":{"_monsterinsights_skip_tracking":false,"_monsterinsights_sitenote_active":false,"_monsterinsights_sitenote_note":"","_monsterinsights_sitenote_category":0,"footnotes":""},"class_list":["post-68","page","type-page","status-publish","hentry"],"aioseo_notices":[],"_links":{"self":[{"href":"https:\/\/kreda.engstudio.com.hr\/index.php\/wp-json\/wp\/v2\/pages\/68","targetHints":{"allow":["GET"]}}],"collection":[{"href":"https:\/\/kreda.engstudio.com.hr\/index.php\/wp-json\/wp\/v2\/pages"}],"about":[{"href":"https:\/\/kreda.engstudio.com.hr\/index.php\/wp-json\/wp\/v2\/types\/page"}],"author":[{"embeddable":true,"href":"https:\/\/kreda.engstudio.com.hr\/index.php\/wp-json\/wp\/v2\/users\/1"}],"replies":[{"embeddable":true,"href":"https:\/\/kreda.engstudio.com.hr\/index.php\/wp-json\/wp\/v2\/comments?post=68"}],"version-history":[{"count":38,"href":"https:\/\/kreda.engstudio.com.hr\/index.php\/wp-json\/wp\/v2\/pages\/68\/revisions"}],"predecessor-version":[{"id":1675,"href":"https:\/\/kreda.engstudio.com.hr\/index.php\/wp-json\/wp\/v2\/pages\/68\/revisions\/1675"}],"wp:attachment":[{"href":"https:\/\/kreda.engstudio.com.hr\/index.php\/wp-json\/wp\/v2\/media?parent=68"}],"curies":[{"name":"wp","href":"https:\/\/api.w.org\/{rel}","templated":true}]}}