{"id":39,"date":"2019-09-06T22:59:24","date_gmt":"2019-09-06T22:59:24","guid":{"rendered":"https:\/\/kreda.engstudio.com.hr\/?page_id=39"},"modified":"2025-01-02T15:35:53","modified_gmt":"2025-01-02T14:35:53","slug":"home","status":"publish","type":"page","link":"https:\/\/kreda.engstudio.com.hr\/","title":{"rendered":""},"content":{"rendered":"\r\n<h3 class=\"wp-block-heading\" style=\"text-align: center;\">POSJETITE NA\u0160 INSTAGRAM PROFIL\u00a0 \u00a0 \u00a0 \u00a0 \u00a0<\/h3>\r\n<p>&nbsp;<\/p>\r\n\t\t<div id=\"instagram-gallery-feed-0\" class=\"instagram-gallery-feed\" data-feed=\"{&quot;id&quot;:0,&quot;account_id&quot;:&quot;8297441216962190&quot;,&quot;source&quot;:&quot;username&quot;,&quot;tag&quot;:&quot;wordpress&quot;,&quot;order_by&quot;:&quot;top_media&quot;,&quot;layout&quot;:&quot;carousel&quot;,&quot;limit&quot;:12,&quot;columns&quot;:3,&quot;spacing&quot;:10,&quot;lazy&quot;:false,&quot;responsive&quot;:{&quot;desktop&quot;:{&quot;columns&quot;:3,&quot;spacing&quot;:10},&quot;tablet&quot;:{&quot;columns&quot;:2,&quot;spacing&quot;:8},&quot;mobile&quot;:{&quot;columns&quot;:1,&quot;spacing&quot;:6},&quot;breakpoints&quot;:{&quot;tablet&quot;:768,&quot;mobile&quot;:480}},&quot;aspect_ratio&quot;:{&quot;width&quot;:1,&quot;height&quot;:1},&quot;highlight&quot;:{&quot;tag&quot;:&quot;&quot;,&quot;id&quot;:&quot;&quot;,&quot;position&quot;:&quot;1,3,5&quot;},&quot;reel&quot;:{&quot;hide&quot;:false},&quot;copyright&quot;:{&quot;hide&quot;:false,&quot;placeholder&quot;:&quot;&quot;},&quot;profile&quot;:{&quot;display&quot;:false,&quot;username&quot;:&quot;&quot;,&quot;nickname&quot;:&quot;&quot;,&quot;website&quot;:&quot;&quot;,&quot;biography&quot;:&quot;&quot;,&quot;link_text&quot;:&quot;Follow&quot;,&quot;website_text&quot;:&quot;Website&quot;,&quot;avatar&quot;:&quot;&quot;},&quot;box&quot;:{&quot;display&quot;:false,&quot;padding&quot;:1,&quot;radius&quot;:0,&quot;background&quot;:&quot;#fefefe&quot;,&quot;profile&quot;:false,&quot;desc&quot;:&quot;&quot;,&quot;text_color&quot;:&quot;#000000&quot;},&quot;mask&quot;:{&quot;display&quot;:true,&quot;background&quot;:&quot;#000000&quot;,&quot;icon_color&quot;:&quot;#ffffff&quot;,&quot;likes_count&quot;:true,&quot;comments_count&quot;:true},&quot;card&quot;:{&quot;display&quot;:false,&quot;radius&quot;:1,&quot;font_size&quot;:12,&quot;background&quot;:&quot;#ffffff&quot;,&quot;background_hover&quot;:&quot;&quot;,&quot;text_color&quot;:&quot;#000000&quot;,&quot;padding&quot;:5,&quot;likes_count&quot;:true,&quot;text_length&quot;:10,&quot;comments_count&quot;:true,&quot;text_align&quot;:&quot;left&quot;},&quot;carousel&quot;:{&quot;centered_slides&quot;:false,&quot;autoplay&quot;:false,&quot;autoplay_interval&quot;:3000,&quot;navarrows&quot;:true,&quot;navarrows_color&quot;:&quot;&quot;,&quot;pagination&quot;:true,&quot;pagination_color&quot;:&quot;&quot;},&quot;modal&quot;:{&quot;display&quot;:true,&quot;profile&quot;:true,&quot;media_description&quot;:true,&quot;likes_count&quot;:true,&quot;comments_count&quot;:true,&quot;comments_list&quot;:false,&quot;text_align&quot;:&quot;left&quot;,&quot;modal_align&quot;:&quot;right&quot;,&quot;text_length&quot;:10000,&quot;font_size&quot;:12},&quot;button&quot;:{&quot;display&quot;:true,&quot;text&quot;:&quot;View on Instagram&quot;,&quot;text_color&quot;:&quot;#ffff&quot;,&quot;background&quot;:&quot;&quot;,&quot;background_hover&quot;:&quot;&quot;},&quot;button_load&quot;:{&quot;display&quot;:false,&quot;text&quot;:&quot;Load more...&quot;,&quot;text_color&quot;:&quot;#ffff&quot;,&quot;background&quot;:&quot;&quot;,&quot;background_hover&quot;:&quot;&quot;}}\">\n\t\t<!-- <FeedContainer\/> -->\n\t\t<\/div>\n\t\t\r\n<h1>\u00a0<\/h1>\r\n<h2 style=\"text-align: center;\"><span style=\"color: #800000;\"><em>REDOVITIM TRENINGOM JA\u010cAMO VA\u0160E JEZI\u010cNE MI\u0160I\u0106E<\/em><\/span><\/h2>\r\n<h1 class=\"wp-block-heading has-text-align-center\">\u00a0<\/h1>\r\n\r\n\r\n\r\n<div class=\"wp-block-columns is-layout-flex wp-container-core-columns-is-layout-9d6595d7 wp-block-columns-is-layout-flex\">\r\n<div class=\"wp-block-column is-layout-flow wp-block-column-is-layout-flow\">\r\n<figure class=\"wp-block-image size-large\"><a href=\"https:\/\/kreda.engstudio.com.hr\/index.php\/onlinetecajevi\/\"><img loading=\"lazy\" decoding=\"async\" width=\"840\" height=\"480\" class=\"wp-image-1500\" src=\"https:\/\/kreda.engstudio.com.hr\/wp-content\/uploads\/2023\/09\/Online-upisi-840x480.png\" alt=\"\" \/><\/a><\/figure>\r\n<\/div>\r\n\r\n\r\n\r\n<div class=\"wp-block-column is-layout-flow wp-block-column-is-layout-flow\">\r\n<figure class=\"wp-block-image size-large\"><a href=\"https:\/\/kreda.engstudio.com.hr\/index.php\/2021\/09\/08\/individualni-tecaj-engleskog-jezika-2021-2022\/\"><img loading=\"lazy\" decoding=\"async\" width=\"840\" height=\"480\" class=\"wp-image-1498\" src=\"https:\/\/kreda.engstudio.com.hr\/wp-content\/uploads\/2023\/09\/Individualni-tecajevi-840x480.png\" alt=\"\" \/><\/a><\/figure>\r\n<\/div>\r\n<\/div>\r\n\r\n\r\n\r\n<div class=\"wp-block-columns is-layout-flex wp-container-core-columns-is-layout-9d6595d7 wp-block-columns-is-layout-flex\">\r\n<div class=\"wp-block-column is-layout-flow wp-block-column-is-layout-flow\">\r\n<figure class=\"wp-block-image size-large\"><a href=\"https:\/\/kreda.engstudio.com.hr\/index.php\/2020\/09\/17\/grupni-tecajevi\/\"><img loading=\"lazy\" decoding=\"async\" width=\"840\" height=\"480\" class=\"wp-image-1496\" src=\"https:\/\/kreda.engstudio.com.hr\/wp-content\/uploads\/2023\/09\/grupni-tecaj-840x480.png\" alt=\"\" \/><\/a><\/figure>\r\n<\/div>\r\n\r\n\r\n\r\n<div class=\"wp-block-column is-layout-flow wp-block-column-is-layout-flow\">\r\n<figure class=\"wp-block-image size-large\"><a href=\"https:\/\/kreda.engstudio.com.hr\/index.php\/2020\/10\/05\/1138\/\"><img loading=\"lazy\" decoding=\"async\" width=\"840\" height=\"480\" class=\"wp-image-1504\" src=\"https:\/\/kreda.engstudio.com.hr\/wp-content\/uploads\/2023\/09\/instrukcije-1-840x480.png\" alt=\"\" \/><\/a><\/figure>\r\n<\/div>\r\n<\/div>\r\n\r\n\r\n\r\n<div class=\"wp-block-columns is-layout-flex wp-container-core-columns-is-layout-9d6595d7 wp-block-columns-is-layout-flex\">\r\n<div class=\"wp-block-column is-layout-flow wp-block-column-is-layout-flow\">\r\n<figure class=\"wp-block-image size-large\"><a href=\"https:\/\/kreda.engstudio.com.hr\/index.php\/kontakt\/\"><img loading=\"lazy\" decoding=\"async\" width=\"840\" height=\"480\" class=\"wp-image-1501\" src=\"https:\/\/kreda.engstudio.com.hr\/wp-content\/uploads\/2023\/09\/Poduzeca-840x480.png\" alt=\"\" \/><\/a><\/figure>\r\n<\/div>\r\n\r\n\r\n\r\n<div class=\"wp-block-column is-layout-flow wp-block-column-is-layout-flow\">\r\n<figure class=\"wp-block-image size-large\"><a href=\"https:\/\/kreda.engstudio.com.hr\/index.php\/cijene\/\"><img loading=\"lazy\" decoding=\"async\" class=\"alignnone wp-image-1493\" src=\"https:\/\/kreda.engstudio.com.hr\/wp-content\/uploads\/2023\/09\/cijena-840x480.png\" alt=\"\" width=\"840\" height=\"480\" \/><\/a><\/figure>\r\n<\/div>\r\n<\/div>\r\n\r\n\r\n\r\n<div class=\"wp-block-columns is-layout-flex wp-container-core-columns-is-layout-9d6595d7 wp-block-columns-is-layout-flex\">\r\n<div class=\"wp-block-column is-layout-flow wp-block-column-is-layout-flow\">\r\n<figure class=\"wp-block-image size-large\"><a href=\"https:\/\/kreda.engstudio.com.hr\/index.php\/2021\/11\/16\/online-tecaj-za-turisticke-djelatnike\/\"><img loading=\"lazy\" decoding=\"async\" width=\"840\" height=\"480\" class=\"wp-image-1503\" src=\"https:\/\/kreda.engstudio.com.hr\/wp-content\/uploads\/2023\/09\/turizam-840x480.png\" alt=\"\" \/><\/a><\/figure>\r\n<\/div>\r\n\r\n\r\n\r\n<div class=\"wp-block-column is-layout-flow wp-block-column-is-layout-flow\">\r\n<figure class=\"wp-block-image size-large\"><a href=\"https:\/\/kreda.engstudio.com.hr\/index.php\/2020\/05\/04\/online-gramaticki-trening-za-srednjoskolce-i-studente\/\"><img loading=\"lazy\" decoding=\"async\" width=\"840\" height=\"480\" class=\"wp-image-1495\" src=\"https:\/\/kreda.engstudio.com.hr\/wp-content\/uploads\/2023\/09\/gramaticki-trening-840x480.png\" alt=\"\" \/><\/a><\/figure>\r\n<\/div>\r\n<\/div>\r\n\r\n\r\n\r\n<div class=\"wp-block-columns is-layout-flex wp-container-core-columns-is-layout-9d6595d7 wp-block-columns-is-layout-flex\">\r\n<div class=\"wp-block-column is-layout-flow wp-block-column-is-layout-flow\">\r\n<figure class=\"wp-block-image size-large\"><a href=\"https:\/\/learncroatian.kreda.com.hr\/\"><img loading=\"lazy\" decoding=\"async\" width=\"840\" height=\"480\" class=\"wp-image-1497\" src=\"https:\/\/kreda.engstudio.com.hr\/wp-content\/uploads\/2023\/09\/Hrvatski-za-strance-840x480.png\" alt=\"\" \/><\/a><\/figure>\r\n<\/div>\r\n\r\n\r\n\r\n<div class=\"wp-block-column is-layout-flow wp-block-column-is-layout-flow\">\r\n<figure class=\"wp-block-image size-large\"><a href=\"https:\/\/kreda.engstudio.com.hr\/index.php\/kontakt\/\"><img loading=\"lazy\" decoding=\"async\" width=\"840\" height=\"480\" class=\"wp-image-1502\" src=\"https:\/\/kreda.engstudio.com.hr\/wp-content\/uploads\/2023\/09\/prijevodi-840x480.png\" alt=\"\" \/><\/a><\/figure>\r\n<\/div>\r\n<\/div>\r\n\r\n\r\n\r\n<div class=\"wp-block-columns is-layout-flex wp-container-core-columns-is-layout-9d6595d7 wp-block-columns-is-layout-flex\">\r\n<div class=\"wp-block-column is-layout-flow wp-block-column-is-layout-flow\">\r\n<figure class=\"wp-block-image size-large\"><a href=\"https:\/\/kreda.engstudio.com.hr\/index.php\/blog\/\" class=\"broken_link\"><img loading=\"lazy\" decoding=\"async\" width=\"840\" height=\"480\" class=\"wp-image-1492\" src=\"https:\/\/kreda.engstudio.com.hr\/wp-content\/uploads\/2023\/09\/blog-840x480.png\" alt=\"\" \/><\/a><\/figure>\r\n<\/div>\r\n\r\n\r\n\r\n<div class=\"wp-block-column is-layout-flow wp-block-column-is-layout-flow\">\r\n<figure class=\"wp-block-image size-large\"><a href=\"https:\/\/kreda.engstudio.com.hr\/index.php\/onlinetecajevi\/\"><img loading=\"lazy\" decoding=\"async\" width=\"840\" height=\"480\" class=\"wp-image-1494\" src=\"https:\/\/kreda.engstudio.com.hr\/wp-content\/uploads\/2023\/09\/faqs-840x480.png\" alt=\"\" \/><\/a><\/figure>\r\n<\/div>\r\n<\/div>\r\n\r\n<h2 class=\"has-text-align-center\">Po\u0161aljite upit:<\/h2>\r\n<p><!-- \/wp:post-content --><\/p>\r\n<p><!-- wp:shortcode --><\/p>\r\n<p id=\"kontakt\">\n<div class=\"wpcf7 no-js\" id=\"wpcf7-f79-o1\" lang=\"en-US\" dir=\"ltr\" data-wpcf7-id=\"79\">\n<div class=\"screen-reader-response\"><p role=\"status\" aria-live=\"polite\" aria-atomic=\"true\"><\/p> <ul><\/ul><\/div>\n<form action=\"\/index.php\/wp-json\/wp\/v2\/pages\/39#wpcf7-f79-o1\" method=\"post\" class=\"wpcf7-form init\" aria-label=\"Contact form\" novalidate=\"novalidate\" data-status=\"init\">\n<fieldset class=\"hidden-fields-container\"><input type=\"hidden\" name=\"_wpcf7\" value=\"79\" \/><input type=\"hidden\" name=\"_wpcf7_version\" value=\"6.1.5\" \/><input type=\"hidden\" name=\"_wpcf7_locale\" value=\"en_US\" \/><input type=\"hidden\" name=\"_wpcf7_unit_tag\" value=\"wpcf7-f79-o1\" \/><input type=\"hidden\" name=\"_wpcf7_container_post\" value=\"0\" \/><input type=\"hidden\" name=\"_wpcf7_posted_data_hash\" value=\"\" \/>\n<\/fieldset>\n<p><label> Va\u0161e ime (obavezno popuniti)<br \/>\n<span class=\"wpcf7-form-control-wrap\" data-name=\"your-name\"><input size=\"40\" maxlength=\"400\" class=\"wpcf7-form-control wpcf7-text wpcf7-validates-as-required\" aria-required=\"true\" aria-invalid=\"false\" value=\"\" type=\"text\" name=\"your-name\" \/><\/span> <\/label>\n<\/p>\n<p><label> Va\u0161 email (obavezno popuniti)<br \/>\n<span class=\"wpcf7-form-control-wrap\" data-name=\"your-email\"><input size=\"40\" maxlength=\"400\" class=\"wpcf7-form-control wpcf7-email wpcf7-validates-as-required wpcf7-text wpcf7-validates-as-email\" aria-required=\"true\" aria-invalid=\"false\" value=\"\" type=\"email\" name=\"your-email\" \/><\/span> <\/label>\n<\/p>\n<p><label> Va\u0161 broj mobilnog telefona (obavezno popunti)<br \/>\n<span class=\"wpcf7-form-control-wrap\" data-name=\"tel-572\"><input size=\"40\" maxlength=\"400\" class=\"wpcf7-form-control wpcf7-tel wpcf7-validates-as-required wpcf7-text wpcf7-validates-as-tel\" aria-required=\"true\" aria-invalid=\"false\" value=\"\" type=\"tel\" name=\"tel-572\" \/><\/span> <\/label>\n<\/p>\n<p><label> Naslov<br \/>\n<span class=\"wpcf7-form-control-wrap\" data-name=\"your-subject\"><input size=\"40\" maxlength=\"400\" class=\"wpcf7-form-control wpcf7-text\" aria-invalid=\"false\" value=\"\" type=\"text\" name=\"your-subject\" \/><\/span> <\/label>\n<\/p>\n<p><label> Va\u0161a poruka<br \/>\n<span class=\"wpcf7-form-control-wrap\" data-name=\"your-message\"><textarea cols=\"40\" rows=\"10\" maxlength=\"2000\" class=\"wpcf7-form-control wpcf7-textarea\" aria-invalid=\"false\" name=\"your-message\"><\/textarea><\/span> <\/label>\n<\/p>\n<p><input class=\"wpcf7-form-control wpcf7-submit has-spinner\" type=\"submit\" value=\"Po\u0161alji\" \/>\n<\/p><div class=\"wpcf7-response-output\" aria-hidden=\"true\"><\/div>\n<\/form>\n<\/div>\n\r\n<h1>\u00a0<\/h1>\r\n<p>&nbsp;<\/p>","protected":false},"excerpt":{"rendered":"<p>POSJETITE NA\u0160 INSTAGRAM PROFIL\u00a0 \u00a0 \u00a0 \u00a0 \u00a0 &nbsp; \u00a0 REDOVITIM TRENINGOM JA\u010cAMO VA\u0160E JEZI\u010cNE MI\u0160I\u0106E \u00a0 Po\u0161aljite upit: \u00a0 &nbsp;<\/p>\n","protected":false},"author":1,"featured_media":0,"parent":0,"menu_order":0,"comment_status":"closed","ping_status":"closed","template":"","meta":{"_monsterinsights_skip_tracking":false,"_monsterinsights_sitenote_active":false,"_monsterinsights_sitenote_note":"","_monsterinsights_sitenote_category":0,"footnotes":""},"class_list":["post-39","page","type-page","status-publish","hentry"],"aioseo_notices":[],"_links":{"self":[{"href":"https:\/\/kreda.engstudio.com.hr\/index.php\/wp-json\/wp\/v2\/pages\/39","targetHints":{"allow":["GET"]}}],"collection":[{"href":"https:\/\/kreda.engstudio.com.hr\/index.php\/wp-json\/wp\/v2\/pages"}],"about":[{"href":"https:\/\/kreda.engstudio.com.hr\/index.php\/wp-json\/wp\/v2\/types\/page"}],"author":[{"embeddable":true,"href":"https:\/\/kreda.engstudio.com.hr\/index.php\/wp-json\/wp\/v2\/users\/1"}],"replies":[{"embeddable":true,"href":"https:\/\/kreda.engstudio.com.hr\/index.php\/wp-json\/wp\/v2\/comments?post=39"}],"version-history":[{"count":160,"href":"https:\/\/kreda.engstudio.com.hr\/index.php\/wp-json\/wp\/v2\/pages\/39\/revisions"}],"predecessor-version":[{"id":1722,"href":"https:\/\/kreda.engstudio.com.hr\/index.php\/wp-json\/wp\/v2\/pages\/39\/revisions\/1722"}],"wp:attachment":[{"href":"https:\/\/kreda.engstudio.com.hr\/index.php\/wp-json\/wp\/v2\/media?parent=39"}],"curies":[{"name":"wp","href":"https:\/\/api.w.org\/{rel}","templated":true}]}}