{"id":36,"date":"2019-09-06T22:59:24","date_gmt":"2019-09-06T22:59:24","guid":{"rendered":"https:\/\/kreda.engstudio.com.hr\/?page_id=36"},"modified":"2024-12-30T15:10:45","modified_gmt":"2024-12-30T14:10:45","slug":"onlinetecajevi","status":"publish","type":"page","link":"https:\/\/kreda.engstudio.com.hr\/index.php\/onlinetecajevi\/","title":{"rendered":"Online jezi\u010dni trening"},"content":{"rendered":"\r\n<h2>KAKO IZGLEDAJU NA\u0160I SATOVI?<\/h2>\r\n<p>Svi na\u0161i online satovi odr\u017eavaju se 1 na 1 preko platformi kao \u0161to su Skype ili Zoom. Tempo rada odre\u0111ujete vi u suradnji sa svojom profesoricom \u0161to zna\u010di da mo\u017eete imati onliko sati engleskog jezika\u00a0 u tjednu koliko vi to \u017eelite (ukoliko je nastavnica dostupna u \u017eeljenom terminu)\u00a0<\/p>\r\n<h2>KAKO DOGOVORITI SVOJ PRVI SAT?<\/h2>\r\n<p>Ukoliko \u017eelite isprobati da li je online u\u010denje jezika za vas, javite nam se putem <span style=\"color: #ff9900;\"><a style=\"color: #ff9900;\" href=\"#kontakt\">kontakt obrasca<\/a><\/span> i ugovorite termin za svoj prvi sat! Popunite sve potrebne podatke i navedite koji termini bi vam odgovarali za inicijalni dogovor. Javit \u0107emo vam se povratno u roku jednog dana!<\/p>\r\n<h2><span style=\"color: #000000;\"><strong>VRSTE PODUKE KOJE NUDIMO:<\/strong><\/span><\/h2>\r\n<p>&nbsp;<\/p>\r\n<p><strong><span style=\"color: #ff6600;\">OP\u0106I ENGLESKI<\/span>&#8211; <\/strong>\u00a0zapo\u010dnite u\u010diti ili obnovite te nadogradite svoje znanje engleskog jezika iz udobnosti vlastitog doma ili ureda. Besplatnim testiranjem na prvom satu profesorica \u0107e procijeniti va\u0161u razinu znanja te osmisliti program samo za vas.<\/p>\r\n<p><strong><span style=\"color: #ff6600;\">PO\u010cETNI POSLOVNI<\/span>&#8211; <\/strong>nau\u010dite osnove komunikacije na engleskom jeziku u poslovnom kontekstu.\u00a0<\/p>\r\n<p><strong><span style=\"color: #ff6600;\">PREZENTACIJSKE VJE\u0160TINE<\/span>&#8211;<\/strong>\u00a0 nau\u010dite kako pravilno strukturirati kratke ili du\u017ee govore te prezentacije na engleskom jeziku\u00a0<\/p>\r\n<p><span style=\"color: #ff6600;\"><strong>PRIPREME ZA ESOL ISPITE<\/strong><\/span>&#8211; Cambridge English Qualifications ispite\u00a0 priznaju brojne \u0161kole, sveu\u010dili\u0161ta i poslodavci iz privatnog i javnog sektora u svim zemljama engleskoga govornog podru\u010dja.\u00a0 Pripremite se za FCE, CAE ili CPE ispit!<\/p>\r\n<p><span style=\"color: #ff6600;\"><strong>PRIPREMA ZA IELTS ISPIT<\/strong><\/span>&#8211; International English Language Testing System \u00a0najpopularniji je test za engleski jezik u svijetu. Pripremite se za ovaj ispit online!<\/p>\r\n<p><strong><span style=\"color: #ff6600;\">USAVR\u0160AVANJE VJE\u0160TINE PISMENE KOMUNIKACIJE<\/span>&#8211;\u00a0<\/strong>nau\u010dite pravilnu strukturu re\u010denice, paragrafa i eseja te steknite samopouzdanje u pismenoj komunikaciji.<\/p>\r\n<p><strong><span style=\"color: #ff6600;\">HRVATSKI ZA STRANCE (CROATIAN FOR FOREIGNERS)<\/span> &#8211;\u00a0\u00a0<\/strong>po\u010dnite u\u010diti hrvatski jezik iz udobnosti vlastitog doma ili ureda.\u00a0<span style=\"color: #ff6600;\">NOVO***<\/span><\/p>\r\n<p><span style=\"color: #ff6600;\"><strong>GRUPNI TE\u010cAJ ENGLESKOG JEZIKA ZA PO\u010cETNIKE (ONLINE)<\/strong><\/span>&#8211; te\u010daj u trajanju od 15 tjedana (60 sati), grupe broje 4 polaznika. <span style=\"color: #ff9900;\"><a style=\"color: #ff9900;\" href=\"https:\/\/kreda.engstudio.com.hr\/index.php\/2020\/04\/05\/grupni-tecajevi\/\">Pro\u010ditajte vi\u0161e&#8230;\u00a0 <\/a><\/span><\/p>\r\n<p><span style=\"color: #ff6600;\"><strong>GRAMATI\u010cKI TRENING ZA SREDNJO\u0160KOLCE I STUDENTE<\/strong><\/span>&#8211;\u00a0 osigurajte svom srednjo\u0161kolcu ili studentu kvalitetnu poduku u udobnosti vlastitog doma.<\/p>\r\n<p><strong><span style=\"color: #ff6600;\">ONLINE INSTRUKCIJE ZA \u0160KOLARCE<\/span>&#8211;<\/strong> za djecu starosti od 10 do 18 godina. \u00a0<\/p>\r\n<p>&nbsp;<\/p>\r\n<h4>Te\u010dajevi za tvrtke ili druge oblike pravnih osoba:<\/h4>\r\n<p>1. Po\u0161aljite nam upit na info@kreda.com.hr i poslat \u0107emo vam na\u0161u ponudu!<\/p>\r\n<p>2. Nastavnica dolazi u va\u0161u tvrtku odr\u017eavati jezi\u010dni trening za va\u0161e zaposlenike!<\/p>\r\n<p>&nbsp;<\/p>\r\n<a href=\"https:\/\/kreda.engstudio.com.hr\/index.php\/cijene\/\" class=\"init-animate fadeInUp btn btn-primary outline-outward banner-btn\" style=\"visibility: visible; animation-name: fadeInUp;\">Provjerite cijene<\/a>\r\n<h2>Va\u017eno!<\/h2>\r\n<p>Ako nas kontaktirate, u sljede\u0107ih nekoliko dana provjerite mapu &#8216;promocije&#8217; (ili mapu &#8216;spam&#8217;) za slu\u010daj da va\u0161 poslu\u017eitelj na\u0161 mail preusmjeri tamo.\u00a0\u00a0<\/p>\r\n<p>&nbsp;<\/p>\r\n<h2 class=\"has-text-align-center\">Dogovorite svoj prvi sat:<\/h2>\r\n<p>\r\n\r\n<\/p>\n<p id=\"kontakt\">\n<div class=\"wpcf7 no-js\" id=\"wpcf7-f79-o1\" lang=\"en-US\" dir=\"ltr\" data-wpcf7-id=\"79\">\n<div class=\"screen-reader-response\"><p role=\"status\" aria-live=\"polite\" aria-atomic=\"true\"><\/p> <ul><\/ul><\/div>\n<form action=\"\/index.php\/wp-json\/wp\/v2\/pages\/36#wpcf7-f79-o1\" method=\"post\" class=\"wpcf7-form init\" aria-label=\"Contact form\" novalidate=\"novalidate\" data-status=\"init\">\n<fieldset class=\"hidden-fields-container\"><input type=\"hidden\" name=\"_wpcf7\" value=\"79\" \/><input type=\"hidden\" name=\"_wpcf7_version\" value=\"6.1.5\" \/><input type=\"hidden\" name=\"_wpcf7_locale\" value=\"en_US\" \/><input type=\"hidden\" name=\"_wpcf7_unit_tag\" value=\"wpcf7-f79-o1\" \/><input type=\"hidden\" name=\"_wpcf7_container_post\" value=\"0\" \/><input type=\"hidden\" name=\"_wpcf7_posted_data_hash\" value=\"\" \/>\n<\/fieldset>\n<p><label> Va\u0161e ime (obavezno popuniti)<br \/>\n<span class=\"wpcf7-form-control-wrap\" data-name=\"your-name\"><input size=\"40\" maxlength=\"400\" class=\"wpcf7-form-control wpcf7-text wpcf7-validates-as-required\" aria-required=\"true\" aria-invalid=\"false\" value=\"\" type=\"text\" name=\"your-name\" \/><\/span> <\/label>\n<\/p>\n<p><label> Va\u0161 email (obavezno popuniti)<br \/>\n<span class=\"wpcf7-form-control-wrap\" data-name=\"your-email\"><input size=\"40\" maxlength=\"400\" class=\"wpcf7-form-control wpcf7-email wpcf7-validates-as-required wpcf7-text wpcf7-validates-as-email\" aria-required=\"true\" aria-invalid=\"false\" value=\"\" type=\"email\" name=\"your-email\" \/><\/span> <\/label>\n<\/p>\n<p><label> Va\u0161 broj mobilnog telefona (obavezno popunti)<br \/>\n<span class=\"wpcf7-form-control-wrap\" data-name=\"tel-572\"><input size=\"40\" maxlength=\"400\" class=\"wpcf7-form-control wpcf7-tel wpcf7-validates-as-required wpcf7-text wpcf7-validates-as-tel\" aria-required=\"true\" aria-invalid=\"false\" value=\"\" type=\"tel\" name=\"tel-572\" \/><\/span> <\/label>\n<\/p>\n<p><label> Naslov<br \/>\n<span class=\"wpcf7-form-control-wrap\" data-name=\"your-subject\"><input size=\"40\" maxlength=\"400\" class=\"wpcf7-form-control wpcf7-text\" aria-invalid=\"false\" value=\"\" type=\"text\" name=\"your-subject\" \/><\/span> <\/label>\n<\/p>\n<p><label> Va\u0161a poruka<br \/>\n<span class=\"wpcf7-form-control-wrap\" data-name=\"your-message\"><textarea cols=\"40\" rows=\"10\" maxlength=\"2000\" class=\"wpcf7-form-control wpcf7-textarea\" aria-invalid=\"false\" name=\"your-message\"><\/textarea><\/span> <\/label>\n<\/p>\n<p><input class=\"wpcf7-form-control wpcf7-submit has-spinner\" type=\"submit\" value=\"Po\u0161alji\" \/>\n<\/p><div class=\"wpcf7-response-output\" aria-hidden=\"true\"><\/div>\n<\/form>\n<\/div>\n\n<p>&nbsp;<\/p>\n<h3 style=\"text-align: center;\">POSJETITE NA\u0160 INSTAGRAM PROFIL<\/h3>\n\t\t<div id=\"instagram-gallery-feed-0\" class=\"instagram-gallery-feed\" data-feed=\"{&quot;id&quot;:0,&quot;account_id&quot;:&quot;8297441216962190&quot;,&quot;source&quot;:&quot;username&quot;,&quot;tag&quot;:&quot;wordpress&quot;,&quot;order_by&quot;:&quot;top_media&quot;,&quot;layout&quot;:&quot;carousel&quot;,&quot;limit&quot;:12,&quot;columns&quot;:3,&quot;spacing&quot;:10,&quot;lazy&quot;:false,&quot;responsive&quot;:{&quot;desktop&quot;:{&quot;columns&quot;:3,&quot;spacing&quot;:10},&quot;tablet&quot;:{&quot;columns&quot;:2,&quot;spacing&quot;:8},&quot;mobile&quot;:{&quot;columns&quot;:1,&quot;spacing&quot;:6},&quot;breakpoints&quot;:{&quot;tablet&quot;:768,&quot;mobile&quot;:480}},&quot;aspect_ratio&quot;:{&quot;width&quot;:1,&quot;height&quot;:1},&quot;highlight&quot;:{&quot;tag&quot;:&quot;&quot;,&quot;id&quot;:&quot;&quot;,&quot;position&quot;:&quot;1,3,5&quot;},&quot;reel&quot;:{&quot;hide&quot;:false},&quot;copyright&quot;:{&quot;hide&quot;:false,&quot;placeholder&quot;:&quot;&quot;},&quot;profile&quot;:{&quot;display&quot;:false,&quot;username&quot;:&quot;&quot;,&quot;nickname&quot;:&quot;&quot;,&quot;website&quot;:&quot;&quot;,&quot;biography&quot;:&quot;&quot;,&quot;link_text&quot;:&quot;Follow&quot;,&quot;website_text&quot;:&quot;Website&quot;,&quot;avatar&quot;:&quot;&quot;},&quot;box&quot;:{&quot;display&quot;:false,&quot;padding&quot;:1,&quot;radius&quot;:0,&quot;background&quot;:&quot;#fefefe&quot;,&quot;profile&quot;:false,&quot;desc&quot;:&quot;&quot;,&quot;text_color&quot;:&quot;#000000&quot;},&quot;mask&quot;:{&quot;display&quot;:true,&quot;background&quot;:&quot;#000000&quot;,&quot;icon_color&quot;:&quot;#ffffff&quot;,&quot;likes_count&quot;:true,&quot;comments_count&quot;:true},&quot;card&quot;:{&quot;display&quot;:false,&quot;radius&quot;:1,&quot;font_size&quot;:12,&quot;background&quot;:&quot;#ffffff&quot;,&quot;background_hover&quot;:&quot;&quot;,&quot;text_color&quot;:&quot;#000000&quot;,&quot;padding&quot;:5,&quot;likes_count&quot;:true,&quot;text_length&quot;:10,&quot;comments_count&quot;:true,&quot;text_align&quot;:&quot;left&quot;},&quot;carousel&quot;:{&quot;centered_slides&quot;:false,&quot;autoplay&quot;:false,&quot;autoplay_interval&quot;:3000,&quot;navarrows&quot;:true,&quot;navarrows_color&quot;:&quot;&quot;,&quot;pagination&quot;:true,&quot;pagination_color&quot;:&quot;&quot;},&quot;modal&quot;:{&quot;display&quot;:true,&quot;profile&quot;:true,&quot;media_description&quot;:true,&quot;likes_count&quot;:true,&quot;comments_count&quot;:true,&quot;comments_list&quot;:false,&quot;text_align&quot;:&quot;left&quot;,&quot;modal_align&quot;:&quot;right&quot;,&quot;text_length&quot;:10000,&quot;font_size&quot;:12},&quot;button&quot;:{&quot;display&quot;:true,&quot;text&quot;:&quot;View on Instagram&quot;,&quot;text_color&quot;:&quot;#ffff&quot;,&quot;background&quot;:&quot;&quot;,&quot;background_hover&quot;:&quot;&quot;},&quot;button_load&quot;:{&quot;display&quot;:false,&quot;text&quot;:&quot;Load more...&quot;,&quot;text_color&quot;:&quot;#ffff&quot;,&quot;background&quot;:&quot;&quot;,&quot;background_hover&quot;:&quot;&quot;}}\">\n\t\t<!-- <FeedContainer\/> -->\n\t\t<\/div>\n\t\t\n<p>&nbsp;<\/p>\n<p>&nbsp;<\/p>\n<p>\n\r\n\r\n<\/p>\r\n<p>&nbsp;<\/p>","protected":false},"excerpt":{"rendered":"<p>KAKO IZGLEDAJU NA\u0160I SATOVI? Svi na\u0161i online satovi odr\u017eavaju se 1 na 1 preko platformi kao \u0161to su Skype ili Zoom. Tempo rada odre\u0111ujete vi u suradnji sa svojom profesoricom \u0161to zna\u010di da mo\u017eete imati onliko sati engleskog jezika\u00a0 u tjednu koliko vi to \u017eelite (ukoliko je nastavnica dostupna u \u017eeljenom terminu)\u00a0 KAKO DOGOVORITI SVOJ&hellip;<\/p>\n","protected":false},"author":1,"featured_media":0,"parent":0,"menu_order":0,"comment_status":"closed","ping_status":"closed","template":"","meta":{"_monsterinsights_skip_tracking":false,"_monsterinsights_sitenote_active":false,"_monsterinsights_sitenote_note":"","_monsterinsights_sitenote_category":0,"footnotes":""},"class_list":["post-36","page","type-page","status-publish","hentry"],"aioseo_notices":[],"_links":{"self":[{"href":"https:\/\/kreda.engstudio.com.hr\/index.php\/wp-json\/wp\/v2\/pages\/36","targetHints":{"allow":["GET"]}}],"collection":[{"href":"https:\/\/kreda.engstudio.com.hr\/index.php\/wp-json\/wp\/v2\/pages"}],"about":[{"href":"https:\/\/kreda.engstudio.com.hr\/index.php\/wp-json\/wp\/v2\/types\/page"}],"author":[{"embeddable":true,"href":"https:\/\/kreda.engstudio.com.hr\/index.php\/wp-json\/wp\/v2\/users\/1"}],"replies":[{"embeddable":true,"href":"https:\/\/kreda.engstudio.com.hr\/index.php\/wp-json\/wp\/v2\/comments?post=36"}],"version-history":[{"count":53,"href":"https:\/\/kreda.engstudio.com.hr\/index.php\/wp-json\/wp\/v2\/pages\/36\/revisions"}],"predecessor-version":[{"id":1664,"href":"https:\/\/kreda.engstudio.com.hr\/index.php\/wp-json\/wp\/v2\/pages\/36\/revisions\/1664"}],"wp:attachment":[{"href":"https:\/\/kreda.engstudio.com.hr\/index.php\/wp-json\/wp\/v2\/media?parent=36"}],"curies":[{"name":"wp","href":"https:\/\/api.w.org\/{rel}","templated":true}]}}