{"id":34,"date":"2019-09-06T22:59:24","date_gmt":"2019-09-06T22:59:24","guid":{"rendered":"https:\/\/kreda.engstudio.com.hr\/?page_id=34"},"modified":"2025-08-28T10:40:48","modified_gmt":"2025-08-28T09:40:48","slug":"home-2","status":"publish","type":"page","link":"https:\/\/kreda.engstudio.com.hr\/index.php\/home-2\/","title":{"rendered":"Blog"},"content":{"rendered":"<h2 style=\"text-align: center;\"><strong>Demistificiranje ispita engleskog jezika<\/strong><\/h2>\r\n<h1><img loading=\"lazy\" decoding=\"async\" class=\"wp-image-1570 alignleft\" src=\"https:\/\/kreda.engstudio.com.hr\/wp-content\/uploads\/2023\/10\/Exams-EXPLAINED.png\" alt=\"\" width=\"278\" height=\"278\" srcset=\"https:\/\/kreda.engstudio.com.hr\/wp-content\/uploads\/2023\/10\/Exams-EXPLAINED.png 1080w, https:\/\/kreda.engstudio.com.hr\/wp-content\/uploads\/2023\/10\/Exams-EXPLAINED-768x768.png 768w\" sizes=\"auto, (max-width: 278px) 100vw, 278px\" \/><\/h1>\r\n<p style=\"text-align: left;\">Ispiti engleskog jezika poput TOEFL-a (Test engleskog jezika kao stranog jezika) i IELTS-a (Me\u0111unarodni sustav testiranja engleskog jezika) klju\u010dni su za one koji \u017eele studirati, raditi ili \u017eivjeti u engleskom govornom okru\u017eenju. Dobar rezultat na ovim ispitima \u010desto je preduvjet&#8230;<strong><span style=\"color: #ff9900;\"><a style=\"color: #ff9900;\" href=\"https:\/\/kreda.engstudio.com.hr\/index.php\/2023\/10\/18\/1567\/\">pro\u010ditaj vi\u0161e<\/a><\/span><\/strong><\/p>\r\n<p>&nbsp;<\/p>\r\n<p>&nbsp;<\/p>\r\n<p>&nbsp;<\/p>\r\n<p>&nbsp;<\/p>\r\n<h3>\u00a0<\/h3>\r\n<h3 style=\"text-align: center;\">POSJETITE NA\u0160 INSTAGRAM PROFIL<\/h3>\r\n\t\t<div id=\"instagram-gallery-feed-0\" class=\"instagram-gallery-feed\" data-feed=\"{&quot;id&quot;:0,&quot;account_id&quot;:&quot;8297441216962190&quot;,&quot;source&quot;:&quot;username&quot;,&quot;tag&quot;:&quot;wordpress&quot;,&quot;order_by&quot;:&quot;top_media&quot;,&quot;layout&quot;:&quot;carousel&quot;,&quot;limit&quot;:12,&quot;columns&quot;:3,&quot;spacing&quot;:10,&quot;lazy&quot;:false,&quot;responsive&quot;:{&quot;desktop&quot;:{&quot;columns&quot;:3,&quot;spacing&quot;:10},&quot;tablet&quot;:{&quot;columns&quot;:2,&quot;spacing&quot;:8},&quot;mobile&quot;:{&quot;columns&quot;:1,&quot;spacing&quot;:6},&quot;breakpoints&quot;:{&quot;tablet&quot;:768,&quot;mobile&quot;:480}},&quot;aspect_ratio&quot;:{&quot;width&quot;:1,&quot;height&quot;:1},&quot;highlight&quot;:{&quot;tag&quot;:&quot;&quot;,&quot;id&quot;:&quot;&quot;,&quot;position&quot;:&quot;1,3,5&quot;},&quot;reel&quot;:{&quot;hide&quot;:false},&quot;copyright&quot;:{&quot;hide&quot;:false,&quot;placeholder&quot;:&quot;&quot;},&quot;profile&quot;:{&quot;display&quot;:false,&quot;username&quot;:&quot;&quot;,&quot;nickname&quot;:&quot;&quot;,&quot;website&quot;:&quot;&quot;,&quot;biography&quot;:&quot;&quot;,&quot;link_text&quot;:&quot;Follow&quot;,&quot;website_text&quot;:&quot;Website&quot;,&quot;avatar&quot;:&quot;&quot;},&quot;box&quot;:{&quot;display&quot;:false,&quot;padding&quot;:1,&quot;radius&quot;:0,&quot;background&quot;:&quot;#fefefe&quot;,&quot;profile&quot;:false,&quot;desc&quot;:&quot;&quot;,&quot;text_color&quot;:&quot;#000000&quot;},&quot;mask&quot;:{&quot;display&quot;:true,&quot;background&quot;:&quot;#000000&quot;,&quot;icon_color&quot;:&quot;#ffffff&quot;,&quot;likes_count&quot;:true,&quot;comments_count&quot;:true},&quot;card&quot;:{&quot;display&quot;:false,&quot;radius&quot;:1,&quot;font_size&quot;:12,&quot;background&quot;:&quot;#ffffff&quot;,&quot;background_hover&quot;:&quot;&quot;,&quot;text_color&quot;:&quot;#000000&quot;,&quot;padding&quot;:5,&quot;likes_count&quot;:true,&quot;text_length&quot;:10,&quot;comments_count&quot;:true,&quot;text_align&quot;:&quot;left&quot;},&quot;carousel&quot;:{&quot;centered_slides&quot;:false,&quot;autoplay&quot;:false,&quot;autoplay_interval&quot;:3000,&quot;navarrows&quot;:true,&quot;navarrows_color&quot;:&quot;&quot;,&quot;pagination&quot;:true,&quot;pagination_color&quot;:&quot;&quot;},&quot;modal&quot;:{&quot;display&quot;:true,&quot;profile&quot;:true,&quot;media_description&quot;:true,&quot;likes_count&quot;:true,&quot;comments_count&quot;:true,&quot;comments_list&quot;:false,&quot;text_align&quot;:&quot;left&quot;,&quot;modal_align&quot;:&quot;right&quot;,&quot;text_length&quot;:10000,&quot;font_size&quot;:12},&quot;button&quot;:{&quot;display&quot;:true,&quot;text&quot;:&quot;View on Instagram&quot;,&quot;text_color&quot;:&quot;#ffff&quot;,&quot;background&quot;:&quot;&quot;,&quot;background_hover&quot;:&quot;&quot;},&quot;button_load&quot;:{&quot;display&quot;:false,&quot;text&quot;:&quot;Load more...&quot;,&quot;text_color&quot;:&quot;#ffff&quot;,&quot;background&quot;:&quot;&quot;,&quot;background_hover&quot;:&quot;&quot;}}\">\n\t\t<!-- <FeedContainer\/> -->\n\t\t<\/div>\n\t\t\r\n<h2>\u00a0<\/h2>\r\n<h2 style=\"text-align: center;\">Strah od stranog jezika<\/h2>\r\n<p><img loading=\"lazy\" decoding=\"async\" class=\"wp-image-1560 alignleft\" src=\"https:\/\/kreda.engstudio.com.hr\/wp-content\/uploads\/2023\/09\/Kako-prevladati-strah.png\" alt=\"\" width=\"276\" height=\"276\" srcset=\"https:\/\/kreda.engstudio.com.hr\/wp-content\/uploads\/2023\/09\/Kako-prevladati-strah.png 1080w, https:\/\/kreda.engstudio.com.hr\/wp-content\/uploads\/2023\/09\/Kako-prevladati-strah-768x768.png 768w\" sizes=\"auto, (max-width: 276px) 100vw, 276px\" \/>Bez obzira na razinu znanja jezika, mnogi se suo\u010davaju s tjeskobom i nesigurno\u0161\u0107u kada trebaju govoriti na engleskom. U ovom \u010dlanku, istra\u017eit \u0107emo kako prevladati strah od govorenja engleskog jezika i kako online te\u010dajevi mogu biti pomo\u0107 u tom procesu&#8230;<span style=\"color: #ff9900;\"><strong><a style=\"color: #ff9900;\" href=\"https:\/\/kreda.engstudio.com.hr\/index.php\/2023\/09\/30\/strah-od-stranog-jezika\/\">pro\u010ditaj vi\u0161e<\/a><\/strong><\/span><\/p>\r\n<h2>\u00a0<\/h2>\r\n<h2>\u00a0<\/h2>\r\n<h2>\u00a0<\/h2>\r\n<h2>\u00a0<\/h2>\r\n<h2 style=\"text-align: center;\">Nepravilni glagoli<\/h2>\r\n<p><img loading=\"lazy\" decoding=\"async\" class=\"wp-image-1530 alignleft\" src=\"https:\/\/kreda.engstudio.com.hr\/wp-content\/uploads\/2023\/09\/kreda_nepravilni-glagoli.png\" alt=\"\" width=\"285\" height=\"285\" srcset=\"https:\/\/kreda.engstudio.com.hr\/wp-content\/uploads\/2023\/09\/kreda_nepravilni-glagoli.png 1080w, https:\/\/kreda.engstudio.com.hr\/wp-content\/uploads\/2023\/09\/kreda_nepravilni-glagoli-768x768.png 768w\" sizes=\"auto, (max-width: 285px) 100vw, 285px\" \/>Jedan od izazova u u\u010denju engleskog jezika su nepravilni glagoli. Za razliku od pravilnih glagola koji slijede jasna pravila promjene oblika u pro\u0161lom vremenu, nepravilni glagoli imaju svoje vlastite jedinstvene oblike&#8230; <span style=\"color: #ff9900;\"><strong><a style=\"color: #ff9900;\" href=\"https:\/\/kreda.engstudio.com.hr\/index.php\/2023\/09\/13\/naucite-nepravilne-gagole\/\">pro\u010ditaj vi\u0161e\u00a0<\/a><\/strong><\/span><\/p>\r\n<p>&nbsp;<\/p>\r\n<p>Ovdje donosimo i listu 80 naju\u010destalijih nepravilnih glagola u engleskom jeziku:<b> <\/b><span style=\"color: #ff6600;\"><strong><a style=\"color: #ff6600;\" href=\"https:\/\/kreda.engstudio.com.hr\/index.php\/2023\/09\/12\/tablica-nepravilnih-glagola-u-engleskom-jeziku\/\"><span style=\"color: #ff9900;\">TABLICA NEPRAVILNIH GLAGOLA U ENGLESKOM JEZIK<\/span>U<\/a><\/strong><\/span><\/p>\r\n<p>&nbsp;<\/p>\r\n<h2>\u00a0<\/h2>\r\n<h2>\u00a0<\/h2>\r\n<h2 style=\"text-align: center;\"><strong>Zapo\u010dnite put prema bilingvizmu: online te\u010dajevi engleskog za djecu<\/strong><\/h2>\r\n<p><img loading=\"lazy\" decoding=\"async\" class=\"alignleft wp-image-1456\" src=\"https:\/\/kreda.engstudio.com.hr\/wp-content\/uploads\/2023\/09\/kreda_kids-courses-2.png\" alt=\"\" width=\"280\" height=\"280\" srcset=\"https:\/\/kreda.engstudio.com.hr\/wp-content\/uploads\/2023\/09\/kreda_kids-courses-2.png 1080w, https:\/\/kreda.engstudio.com.hr\/wp-content\/uploads\/2023\/09\/kreda_kids-courses-2-768x768.png 768w\" sizes=\"auto, (max-width: 280px) 100vw, 280px\" \/><\/p>\r\n<p>U svijetu koji postaje sve globaliziraniji, sposobnost komunikacije na vi\u0161e jezika postala je neprocjenjiva. Kada je rije\u010d o pru\u017eanju\u00a0 djeci prednosti u \u017eivotu i karijeri, nema boljeg vremena za po\u010detak u\u010denja drugog jezika od rane dobi. Ako je taj drugi jezik engleski, to donosi niz prednosti koje \u0107e obogatiti \u017eivot va\u0161eg djeteta. Online te\u010dajevi engleskog jezika za djecu pru\u017eaju prakti\u010dan i pristupa\u010dan na\u010din za poticanje ranog usvajanja jezika, omogu\u0107avaju\u0107i im da zapo\u010dnu put prema bilingvizmu&#8230;<a href=\"https:\/\/kreda.engstudio.com.hr\/index.php\/2023\/09\/01\/zapocnite-put-prema-bilingvizmu-online-tecajevi-engleskog-za-djecu\/\"><span style=\"color: #ff9900;\"><strong>pro\u010ditaj vi\u0161e<\/strong><\/span><\/a><\/p>\r\n<h2>\u00a0<\/h2>\r\n<p>&nbsp;<\/p>\r\n<h2 style=\"text-align: center;\">Kako odabrati pravi online te\u010daj engleskog jezika za sebe i svoje zaposlenike<\/h2>\r\n<p><img loading=\"lazy\" decoding=\"async\" class=\" wp-image-1438 alignleft\" src=\"https:\/\/kreda.engstudio.com.hr\/wp-content\/uploads\/2023\/08\/kreda-kako-odabrati-tecaj.jpg\" alt=\"\" width=\"221\" height=\"209\" srcset=\"https:\/\/kreda.engstudio.com.hr\/wp-content\/uploads\/2023\/08\/kreda-kako-odabrati-tecaj.jpg 960w, https:\/\/kreda.engstudio.com.hr\/wp-content\/uploads\/2023\/08\/kreda-kako-odabrati-tecaj-768x727.jpg 768w\" sizes=\"auto, (max-width: 221px) 100vw, 221px\" \/><\/p>\r\n<p>&nbsp;<\/p>\r\n<p>U dana\u0161njem digitalnom dobu, online te\u010dajevi engleskog jezika postaju sve popularniji na\u010din za u\u010denje jezika iz udobnosti vlastitog doma. Me\u0111utim, s obzirom na obilje opcija dostupnih na internetu, odabir pravog te\u010daja mo\u017ee biti izazovan. U ovom \u010dlanku istra\u017eujemo klju\u010dne korake pri odabiru online te\u010daja engleskog jezika koji najbolje odgovara va\u0161im potrebama ili onima va\u0161ih zaspolenika&#8230;<a href=\"https:\/\/kreda.engstudio.com.hr\/index.php\/2023\/08\/22\/kako-odabrati-pravi-online-tecaj-engleskog-jezika-za-sebe\/\"><span style=\"color: #ff9900;\"><strong>pro\u010ditaj vi\u0161e<\/strong><\/span><\/a><\/p>\r\n<h2>\u00a0<\/h2>\r\n<h2>\u00a0<\/h2>\r\n<h2 style=\"text-align: center;\">Za\u0161to je dosljednost klju\u010dna u u\u010denju engleskog jezika: Put prema vje\u0161tini, a ne prema brzini<\/h2>\r\n<p><strong> <img loading=\"lazy\" decoding=\"async\" class=\"wp-image-1416 alignleft\" src=\"https:\/\/kreda.engstudio.com.hr\/wp-content\/uploads\/2023\/08\/kreda_online-tecajevi_blog-2.png\" alt=\"\" width=\"284\" height=\"238\" \/> \u00a0<\/strong><\/p>\r\n<p>U\u010denje engleskog jezika, kao i svakog drugog jezika, zahtijeva predanost, u\u010destalost poduke i redovito vje\u017ebanje kako bi postigli napredak, jer usvajanje jezika nije brz proces, ve\u0107 razvijanje vje\u0161tine.Prvo, redovito vje\u017ebanje i poduka omogu\u0107uju nam da izgradimo navike u\u010denja i postupno pove\u0107avamo znanje jezika. Kao \u0161to ka\u017ee stara izreka, &#8220;Praksa \u010dini majstora.&#8221; \u0160to vi\u0161e vje\u017ebamo, to bolje razumijemo gramatiku, bogatstvo rije\u010di i &#8230;<a href=\"https:\/\/kreda.engstudio.com.hr\/index.php\/2023\/08\/01\/zasto-je-dosljednost-kljucna-u-ucenju-engleskog-jezika\/\"><strong><span style=\"color: #ff9900;\">pro\u010ditaj vi\u0161e<\/span><\/strong><\/a><\/p>\r\n<h2>\u00a0<\/h2>\r\n<h2>\u00a0<\/h2>\r\n<h2 style=\"text-align: center;\">\u010clanovi a\/an i the u engleskom jeziku &#8211; Kako se koriste, \u0161to i kada odabrati?<\/h2>\r\n<p><strong><img loading=\"lazy\" decoding=\"async\" class=\"wp-image-1394 alignleft\" src=\"https:\/\/kreda.engstudio.com.hr\/wp-content\/uploads\/2023\/07\/kreda_online-tecajevi_articles.png\" alt=\"\" width=\"309\" height=\"174\" srcset=\"https:\/\/kreda.engstudio.com.hr\/wp-content\/uploads\/2023\/07\/kreda_online-tecajevi_articles.png 1920w, https:\/\/kreda.engstudio.com.hr\/wp-content\/uploads\/2023\/07\/kreda_online-tecajevi_articles-500x280.png 500w, https:\/\/kreda.engstudio.com.hr\/wp-content\/uploads\/2023\/07\/kreda_online-tecajevi_articles-768x432.png 768w, https:\/\/kreda.engstudio.com.hr\/wp-content\/uploads\/2023\/07\/kreda_online-tecajevi_articles-1536x864.png 1536w\" sizes=\"auto, (max-width: 309px) 100vw, 309px\" \/><\/strong><\/p>\r\n<p>&nbsp;<\/p>\r\n<p><strong>Danas \u0107emo razgovarati o \u010dlanovima <em>a\/an<\/em> i <em>th<\/em>e<\/strong>, jednoj od prvih gramati\u010dkih tema s kojima se susre\u0107emo u u\u010denju engleskog jezika. U ovom blog postu, dotaknut \u0107emo se osnova, kako bi nam kasnije bilo lak\u0161e dodati manje op\u0107enita pravila&#8230; <a href=\"https:\/\/kreda.engstudio.com.hr\/index.php\/2023\/07\/27\/1388\/\"><span style=\"color: #ff9900;\"><strong>pro\u010ditaj vi\u0161e<\/strong><\/span><\/a><\/p>\r\n<p>&nbsp;<\/p>\r\n<p>&nbsp;<\/p>\r\n<h2 style=\"text-align: center;\">Croatian cuisine<\/h2>\r\n<p><img loading=\"lazy\" decoding=\"async\" class=\"wp-image-185 alignleft\" src=\"https:\/\/kreda.engstudio.com.hr\/wp-content\/uploads\/2019\/09\/jay-wennington-N_Y88TWmGwA-unsplash-2-1024x683.jpg\" alt=\"\" width=\"311\" height=\"208\" \/><\/p>\r\n<p>&nbsp;<\/p>\r\n<p>Croatian people like to cook and eat well and still enjoy some of the traditional dishes that have been around for decades, some even for centuries.<\/p>\r\n<p>So, if you are visiting Croatia and would like to eat like a local, we bring you a helpful guide to some of the essential Croatian dishes<a href=\"https:\/\/kreda.engstudio.com.hr\/index.php\/2019\/09\/07\/prvi-post-na-blog\/\">\u2026<span style=\"color: #ff9900;\">read more<\/span><\/a><\/p>\r\n<p>&nbsp;<\/p>\r\n<h2 style=\"text-align: center;\">Greetings and social expressions in Croatia<\/h2>\r\n<p><img loading=\"lazy\" decoding=\"async\" class=\"wp-image-496 alignleft\" src=\"https:\/\/kreda.engstudio.com.hr\/wp-content\/uploads\/2019\/10\/greetings-300x300.jpg\" alt=\"\" width=\"288\" height=\"288\" \/>If you\u2019re learning Croatian (or know somebody from Croatia) you\u2019ve probably already mastered <em>hello<\/em>\u00a0and\u00a0<em>thank you<\/em>, however there are many other greetings and social expressions to be used on different occasions. Knowing them might make you feel more comfortable when chatting to your Croatian friends, family or neighbours so read on and try using some of these expressions the first chance you get!\u00a0<strong><a href=\"https:\/\/kreda.engstudio.com.hr\/index.php\/2019\/10\/14\/greetings-and-social-expressions-in-croatian\/\">\u2026<\/a><\/strong><span style=\"color: #ff9900;\"><a style=\"color: #ff9900;\" href=\"https:\/\/kreda.engstudio.com.hr\/index.php\/2019\/10\/14\/greetings-and-social-expressions-in-croatian\/\">read more<\/a><\/span><\/p>\r\n<p>&nbsp;<\/p>\r\n<h2>\u00a0<\/h2>\r\n<h2>\u00a0<\/h2>\r\n<h2 style=\"text-align: center;\">Months of the year in Croatian<\/h2>\r\n<p><img loading=\"lazy\" decoding=\"async\" class=\"size-medium wp-image-609 alignleft\" src=\"https:\/\/kreda.engstudio.com.hr\/wp-content\/uploads\/2019\/11\/months-300x200.jpg\" alt=\"\" width=\"300\" height=\"200\" \/><\/p>\r\n<p>&nbsp;<\/p>\r\n<p>In many European languages the names of the months are based on the Roman calendar and are easy to recognize for foreign language speakers for this reason. However, the Croatian names of the months originate from archaic Slavic words and phrases which depict the changing of the seasons and the different tasks related to those seasons&#8230;<span style=\"color: #ff9900;\"><a style=\"color: #ff9900;\" href=\"https:\/\/kreda.engstudio.com.hr\/index.php\/2019\/11\/06\/months-of-the-year-in-croatian\/\">read more<\/a><\/span><\/p>\r\n\r\n<p>&nbsp;<\/p>\r\n<p>&nbsp;<\/p>\r\n<p><\/p>","protected":false},"excerpt":{"rendered":"<p>Demistificiranje ispita engleskog jezika Ispiti engleskog jezika poput TOEFL-a (Test engleskog jezika kao stranog jezika) i IELTS-a (Me\u0111unarodni sustav testiranja engleskog jezika) klju\u010dni su za one koji \u017eele studirati, raditi ili \u017eivjeti u engleskom govornom okru\u017eenju. Dobar rezultat na ovim ispitima \u010desto je preduvjet&#8230;pro\u010ditaj vi\u0161e &nbsp; &nbsp; &nbsp; &nbsp; \u00a0 POSJETITE NA\u0160 INSTAGRAM PROFIL \u00a0&hellip;<\/p>\n","protected":false},"author":1,"featured_media":0,"parent":0,"menu_order":0,"comment_status":"closed","ping_status":"closed","template":"","meta":{"_monsterinsights_skip_tracking":false,"_monsterinsights_sitenote_active":false,"_monsterinsights_sitenote_note":"","_monsterinsights_sitenote_category":0,"footnotes":""},"class_list":["post-34","page","type-page","status-publish","hentry"],"aioseo_notices":[],"_links":{"self":[{"href":"https:\/\/kreda.engstudio.com.hr\/index.php\/wp-json\/wp\/v2\/pages\/34","targetHints":{"allow":["GET"]}}],"collection":[{"href":"https:\/\/kreda.engstudio.com.hr\/index.php\/wp-json\/wp\/v2\/pages"}],"about":[{"href":"https:\/\/kreda.engstudio.com.hr\/index.php\/wp-json\/wp\/v2\/types\/page"}],"author":[{"embeddable":true,"href":"https:\/\/kreda.engstudio.com.hr\/index.php\/wp-json\/wp\/v2\/users\/1"}],"replies":[{"embeddable":true,"href":"https:\/\/kreda.engstudio.com.hr\/index.php\/wp-json\/wp\/v2\/comments?post=34"}],"version-history":[{"count":72,"href":"https:\/\/kreda.engstudio.com.hr\/index.php\/wp-json\/wp\/v2\/pages\/34\/revisions"}],"predecessor-version":[{"id":1647,"href":"https:\/\/kreda.engstudio.com.hr\/index.php\/wp-json\/wp\/v2\/pages\/34\/revisions\/1647"}],"wp:attachment":[{"href":"https:\/\/kreda.engstudio.com.hr\/index.php\/wp-json\/wp\/v2\/media?parent=34"}],"curies":[{"name":"wp","href":"https:\/\/api.w.org\/{rel}","templated":true}]}}