{"id":326,"date":"2019-09-11T11:24:39","date_gmt":"2019-09-11T11:24:39","guid":{"rendered":"https:\/\/kreda.engstudio.com.hr\/?page_id=326"},"modified":"2025-06-03T18:57:09","modified_gmt":"2025-06-03T17:57:09","slug":"cijene","status":"publish","type":"page","link":"https:\/\/kreda.engstudio.com.hr\/index.php\/cijene\/","title":{"rendered":"Cijene"},"content":{"rendered":"<p style=\"text-align: center;\"><b>CIJENE INDIVIDUALNE PODUKE od 1.sije\u010dnja 2025.:<\/b><\/p>\r\n<div class=\"su-table su-table-responsive su-table-alternate\">\r\n<div class=\"aligncenter\">\r\n<table class=\"small-font-table\">\r\n<tbody>\r\n<tr>\r\n<th style=\"text-align: left\">VRSTA JEZI\u010cNOG TRENINGA :<\/th>\r\n<th>\u00a0<\/th>\r\n<th>\r\n<p>TRAJANJE<\/p>\r\n<p>\u0160K.SATA<\/p>\r\n<\/th>\r\n<th>\r\n<p>&nbsp;<\/p>\r\n<\/th>\r\n<th>PAKET OD 10 SATI<\/th>\r\n<th>PAKET OD 20 SATI<\/th>\r\n<th>PAKET OD 30 SATI<\/th>\r\n<\/tr>\r\n<tr>\r\n<td style=\"text-align: left\">OP\u0106I ENGLESKI ili POSLOVNA KOMUNIKACIJA (individualno online)<\/td>\r\n<td style=\"text-align: center\">\u00a0<\/td>\r\n<td style=\"text-align: center\">45&#8242;<\/td>\r\n<td style=\"text-align: center\">\u00a0<\/td>\r\n<td style=\"text-align: center\">\r\n<p>220,00 eur<\/p>\r\n<p>(<strong>22,00<\/strong> eur\/sat)<\/p>\r\n<\/td>\r\n<td style=\"text-align: center\">\r\n<p>420,00 eur<\/p>\r\n<p>(<strong>21,00<\/strong> eur\/sat)<\/p>\r\n<\/td>\r\n<td style=\"text-align: center\">\r\n<p>600,00 eur<\/p>\r\n<p>(20<strong>,00<\/strong> eur\/sat)<\/p>\r\n<\/td>\r\n<\/tr>\r\n<tr>\r\n<td style=\"text-align: left\">OP\u0106I ENGLESKI ili POSLOVNA KOMUNIKACIJA\u00a0 (individualno online)<\/td>\r\n<td style=\"text-align: center\">\u00a0<\/td>\r\n<td style=\"text-align: center\">60&#8242;<\/td>\r\n<td style=\"text-align: center\">\u00a0<\/td>\r\n<td style=\"text-align: center\">\r\n<p>266,60 eur<\/p>\r\n<p>(<strong>26,66<\/strong>eur\/sat)<\/p>\r\n<\/td>\r\n<td style=\"text-align: center\">&#8211;<\/td>\r\n<td style=\"text-align: center\">&#8211;<\/td>\r\n<\/tr>\r\n<tr>\r\n<td>PRIPREMA ZA MATURU (individualno online)<\/td>\r\n<td style=\"text-align: center\">\u00a0<\/td>\r\n<td style=\"text-align: center\">45&#8242;<\/td>\r\n<td style=\"text-align: center\">\u00a0<\/td>\r\n<td style=\"text-align: center\">220,00 eur<\/td>\r\n<td style=\"text-align: center\">420,00 eur<\/td>\r\n<td style=\"text-align: center\">600,00 eur<\/td>\r\n<\/tr>\r\n<tr>\r\n<td>PRIPREME ZA ESOL\/IELTS ISPITE (individualno online)<\/td>\r\n<td style=\"text-align: center\">\u00a0<\/td>\r\n<td style=\"text-align: center\">45&#8242;<\/td>\r\n<td style=\"text-align: center\">\u00a0<\/td>\r\n<td style=\"text-align: center\">230,00 eur<\/td>\r\n<td style=\"text-align: center\">440,00 eur<\/td>\r\n<td style=\"text-align: center\">630,00 eur<\/td>\r\n<\/tr>\r\n<tr>\r\n<td><strong>LJETNI BRZI TE\u010cAJ DJE\u010cJI-TEEN-ODRASLI<\/strong> (individualno online)- <span style=\"color: #ff0000\"><strong>POPUST 10% ZA UPISE DO 1.7.2025.<\/strong><\/span><\/td>\r\n<td style=\"text-align: center\">\u00a0<\/td>\r\n<td style=\"text-align: center\">45&#8242;<\/td>\r\n<td style=\"text-align: center\">\u00a0<\/td>\r\n<td style=\"text-align: center\">\r\n<p>220,00 eur<\/p>\r\n<p>(<strong>22,00<\/strong> eur\/sat)<\/p>\r\n<\/td>\r\n<td style=\"text-align: center\">\r\n<p>&#8211;<\/p>\r\n<\/td>\r\n<td style=\"text-align: center\">\r\n<p>&#8211;<\/p>\r\n<\/td>\r\n<\/tr>\r\n<tr>\r\n<td>\r\n<p>HRVATSKI ZA STRANCE A1 ili A2\/ CROATIAN FOR FOREIGNERS A1 or A2 (individualno online)<\/p>\r\n<\/td>\r\n<td style=\"text-align: center\">\u00a0<\/td>\r\n<td style=\"text-align: center\">60&#8242;<\/td>\r\n<td style=\"text-align: center\">\u00a0<\/td>\r\n<td style=\"text-align: center\">\r\n<p>310,00 eur<\/p>\r\n<p>(31,00 eur\/sat)<\/p>\r\n<\/td>\r\n<td style=\"text-align: center\">&#8211;<\/td>\r\n<td style=\"text-align: center\">&#8211;<\/td>\r\n<\/tr>\r\n<tr>\r\n<td>\r\n<p>JEZI\u010cNI TRENING U PARU<\/p>\r\n<\/td>\r\n<td style=\"text-align: center\">\u00a0<\/td>\r\n<td style=\"text-align: center\">45&#8242;<\/td>\r\n<td style=\"text-align: center\">\r\n<p>&nbsp;<\/p>\r\n<\/td>\r\n<td style=\"text-align: center\">\r\n<p>340,00 eur<\/p>\r\n<p>(<strong>17,00<\/strong> eur\/sat po osobi)<\/p>\r\n<\/td>\r\n<td style=\"text-align: center\">\r\n<p>640,00 eur<\/p>\r\n<p>(<strong>16,00<\/strong> eur\/sat po osobi)<\/p>\r\n<\/td>\r\n<td style=\"text-align: center\">\r\n<p>900,00 eur<\/p>\r\n<p>(<strong>15,00<\/strong> eura\/sat po osobi)<\/p>\r\n<\/td>\r\n<\/tr>\r\n<\/tbody>\r\n<\/table>\r\n<\/div>\r\n<\/div>\r\n<h3><a href=\"https:\/\/kreda.engstudio.com.hr\/index.php\/2020\/10\/05\/1138\/\"><strong><span style=\"color: #000000;\">NAPREDNI JEZI\u010cNI TRENING I INSTRUKCIJE ZA \u0160KOLU\u00a0 <\/span><span style=\"color: #ff9900;\">provjerite ovdje &gt;<\/span><\/strong><\/a><\/h3>\r\n<p>&nbsp;<\/p>\r\n<h3><strong>UVJETI POHA\u0110ANJA :<\/strong><\/h3>\r\n<p><span style=\"color: #808080;\"><strong>Za tempo poha\u0111anja jednom tjedno dostupna je opcija poha\u0111anja satova u trajanju od 60&#8242;. U tom slu\u010daju se gore navedene cijene prera\u010dunavaju uzimaju\u0107i u obzir uve\u0107anu minuta\u017eu po cijeni srednjeg paketa.<\/strong><\/span><\/p>\r\n<p><strong>Paketi od 20 i 30 sati su dostupni isklju\u010divo za tempo poha\u0111anja od 2 ili vi\u0161e \u0161kolskih sati tjedno. Za opciju od jednog 45&#8242; ili 60&#8242; sata tjedno je dostupna opcija\u00a0 paketa od 10 \u0161kolskih sati.<\/strong><\/p>\r\n<p><span style=\"color: #808080;\"><strong>Cijene za pakete se odnose na pla\u0107anje iznosa u cijelosti unaprijed. <\/strong><strong>Paketi ne odra\u017eavaju duljinu trajanja te\u010daja, ve\u0107 predstavljaju na\u010din pla\u0107anja. Trajanje te\u010daja se odre\u0111uje u dogovoru s klijentom, ovisno o individualnim potrebama.<\/strong><\/span><\/p>\r\n<p><strong>Individualn poduka odr\u017eava se u unaprijed dogovorenim terminima. Eventualni izostanak potrebno je najaviti minimalno 48h ranije u protivnom se sat smatra odr\u017eanim. U slu\u010daju bolesti, jezi\u010dni trening ne\u0107e se smatrati odr\u017eanim (za rok kra\u0107i od 48h), ako polaznik svoj izostanak opravda uvidom u lije\u010dni\u010dku potvrdu o nesposobnosti za rad. U svim drugim slu\u010dajevima susret \u0107e se smatrati odr\u017eanim.<\/strong><\/p>\r\n<p><span style=\"color: #808080;\"><strong>KREDA obrt za poduku i prevo\u0111enje je du\u017ean polazniku omogu\u0107iti jezi\u010dni trening u ugovorenom terminu. Ako iz opravdanih razloga susret ne bi bio odr\u017ean organizator se obvezuje osigurati termin za odradu\u00a0 propu\u0161tenog susreta.<\/strong><\/span><\/p>\r\n<p><span style=\"color: #000000;\"><strong>U slu\u010daju da je satu dualnog jezi\u010dnog teninga u mogu\u0107nosti prisustvovati samo jedan polaznik, susret se redovno odr\u017eava u uobi\u010dajenom terminu (uz naknadno slanje svih potrebnih materijala polazniku koji je izostao).<\/strong><\/span><\/p>\r\n<p>&nbsp;<\/p>\r\n<a href=\"https:\/\/kreda.engstudio.com.hr\/index.php\/onlinetecajevi\/\" class=\"init-animate fadeInUp btn btn-primary outline-outward banner-btn\" style=\"visibility: visible; animation-name: fadeInUp;\">Saznajte vi\u0161e<\/a>\r\n<h2>Va\u017eno!<\/h2>\r\n<p>Ako nas kontaktirate, u sljede\u0107ih nekoliko dana provjerite mapu &#8216;promocije&#8217; (ili mapu &#8216;spam&#8217;) za slu\u010daj da va\u0161 poslu\u017eitelj na\u0161 mail preusmjeri tamo.\u00a0\u00a0<\/p>\r\n<h2 class=\"has-text-align-center\">Po\u0161aljite upit:<\/h2>\r\n<!-- \/wp:post-content -->\r\n\r\n<!-- wp:shortcode -->\r\n\n<div class=\"wpcf7 no-js\" id=\"wpcf7-f79-o1\" lang=\"en-US\" dir=\"ltr\" data-wpcf7-id=\"79\">\n<div class=\"screen-reader-response\"><p role=\"status\" aria-live=\"polite\" aria-atomic=\"true\"><\/p> <ul><\/ul><\/div>\n<form action=\"\/index.php\/wp-json\/wp\/v2\/pages\/326#wpcf7-f79-o1\" method=\"post\" class=\"wpcf7-form init\" aria-label=\"Contact form\" novalidate=\"novalidate\" data-status=\"init\">\n<fieldset class=\"hidden-fields-container\"><input type=\"hidden\" name=\"_wpcf7\" value=\"79\" \/><input type=\"hidden\" name=\"_wpcf7_version\" value=\"6.1.5\" \/><input type=\"hidden\" name=\"_wpcf7_locale\" value=\"en_US\" \/><input type=\"hidden\" name=\"_wpcf7_unit_tag\" value=\"wpcf7-f79-o1\" \/><input type=\"hidden\" name=\"_wpcf7_container_post\" value=\"0\" \/><input type=\"hidden\" name=\"_wpcf7_posted_data_hash\" value=\"\" \/>\n<\/fieldset>\n<p><label> Va\u0161e ime (obavezno popuniti)<br \/>\n<span class=\"wpcf7-form-control-wrap\" data-name=\"your-name\"><input size=\"40\" maxlength=\"400\" class=\"wpcf7-form-control wpcf7-text wpcf7-validates-as-required\" aria-required=\"true\" aria-invalid=\"false\" value=\"\" type=\"text\" name=\"your-name\" \/><\/span> <\/label>\n<\/p>\n<p><label> Va\u0161 email (obavezno popuniti)<br \/>\n<span class=\"wpcf7-form-control-wrap\" data-name=\"your-email\"><input size=\"40\" maxlength=\"400\" class=\"wpcf7-form-control wpcf7-email wpcf7-validates-as-required wpcf7-text wpcf7-validates-as-email\" aria-required=\"true\" aria-invalid=\"false\" value=\"\" type=\"email\" name=\"your-email\" \/><\/span> <\/label>\n<\/p>\n<p><label> Va\u0161 broj mobilnog telefona (obavezno popunti)<br \/>\n<span class=\"wpcf7-form-control-wrap\" data-name=\"tel-572\"><input size=\"40\" maxlength=\"400\" class=\"wpcf7-form-control wpcf7-tel wpcf7-validates-as-required wpcf7-text wpcf7-validates-as-tel\" aria-required=\"true\" aria-invalid=\"false\" value=\"\" type=\"tel\" name=\"tel-572\" \/><\/span> <\/label>\n<\/p>\n<p><label> Naslov<br \/>\n<span class=\"wpcf7-form-control-wrap\" data-name=\"your-subject\"><input size=\"40\" maxlength=\"400\" class=\"wpcf7-form-control wpcf7-text\" aria-invalid=\"false\" value=\"\" type=\"text\" name=\"your-subject\" \/><\/span> <\/label>\n<\/p>\n<p><label> Va\u0161a poruka<br \/>\n<span class=\"wpcf7-form-control-wrap\" data-name=\"your-message\"><textarea cols=\"40\" rows=\"10\" maxlength=\"2000\" class=\"wpcf7-form-control wpcf7-textarea\" aria-invalid=\"false\" name=\"your-message\"><\/textarea><\/span> <\/label>\n<\/p>\n<p><input class=\"wpcf7-form-control wpcf7-submit has-spinner\" type=\"submit\" value=\"Po\u0161alji\" \/>\n<\/p><div class=\"wpcf7-response-output\" aria-hidden=\"true\"><\/div>\n<\/form>\n<\/div>\n","protected":false},"excerpt":{"rendered":"<p>CIJENE INDIVIDUALNE PODUKE od 1.sije\u010dnja 2025.: \u00a0 NAPREDNI JEZI\u010cNI TRENING I INSTRUKCIJE ZA \u0160KOLU\u00a0 provjerite ovdje &gt; &nbsp; UVJETI POHA\u0110ANJA : Za tempo poha\u0111anja jednom tjedno dostupna je opcija poha\u0111anja satova u trajanju od 60&#8242;. U tom slu\u010daju se gore navedene cijene prera\u010dunavaju uzimaju\u0107i u obzir uve\u0107anu minuta\u017eu po cijeni srednjeg paketa. Paketi od 20&hellip;<\/p>\n","protected":false},"author":1,"featured_media":0,"parent":0,"menu_order":0,"comment_status":"closed","ping_status":"closed","template":"","meta":{"_monsterinsights_skip_tracking":false,"_monsterinsights_sitenote_active":false,"_monsterinsights_sitenote_note":"","_monsterinsights_sitenote_category":0,"footnotes":""},"class_list":["post-326","page","type-page","status-publish","hentry"],"aioseo_notices":[],"_links":{"self":[{"href":"https:\/\/kreda.engstudio.com.hr\/index.php\/wp-json\/wp\/v2\/pages\/326","targetHints":{"allow":["GET"]}}],"collection":[{"href":"https:\/\/kreda.engstudio.com.hr\/index.php\/wp-json\/wp\/v2\/pages"}],"about":[{"href":"https:\/\/kreda.engstudio.com.hr\/index.php\/wp-json\/wp\/v2\/types\/page"}],"author":[{"embeddable":true,"href":"https:\/\/kreda.engstudio.com.hr\/index.php\/wp-json\/wp\/v2\/users\/1"}],"replies":[{"embeddable":true,"href":"https:\/\/kreda.engstudio.com.hr\/index.php\/wp-json\/wp\/v2\/comments?post=326"}],"version-history":[{"count":92,"href":"https:\/\/kreda.engstudio.com.hr\/index.php\/wp-json\/wp\/v2\/pages\/326\/revisions"}],"predecessor-version":[{"id":1718,"href":"https:\/\/kreda.engstudio.com.hr\/index.php\/wp-json\/wp\/v2\/pages\/326\/revisions\/1718"}],"wp:attachment":[{"href":"https:\/\/kreda.engstudio.com.hr\/index.php\/wp-json\/wp\/v2\/media?parent=326"}],"curies":[{"name":"wp","href":"https:\/\/api.w.org\/{rel}","templated":true}]}}